{"id":84,"date":"2022-10-20T12:49:11","date_gmt":"2022-10-20T11:49:11","guid":{"rendered":"https:\/\/martine-reflexologie.fr\/?page_id=84"},"modified":"2025-12-13T17:21:50","modified_gmt":"2025-12-13T16:21:50","slug":"accueil","status":"publish","type":"page","link":"https:\/\/martine-reflexologie.fr\/","title":{"rendered":"Accueil"},"content":{"rendered":"\t\t<div data-elementor-type=\"wp-page\" data-elementor-id=\"84\" class=\"elementor elementor-84\">\n\t\t\t\t\t\t<section class=\"elementor-section elementor-top-section elementor-element elementor-element-814b42f elementor-section-full_width elementor-section-stretched elementor-section-height-default elementor-section-height-default\" data-id=\"814b42f\" data-element_type=\"section\" data-e-type=\"section\" data-settings=\"{&quot;stretch_section&quot;:&quot;section-stretched&quot;}\">\n\t\t\t\t\t\t<div class=\"elementor-container elementor-column-gap-default\">\n\t\t\t\t\t<div class=\"elementor-column elementor-col-100 elementor-top-column elementor-element elementor-element-ddb711d\" data-id=\"ddb711d\" data-element_type=\"column\" data-e-type=\"column\">\n\t\t\t<div class=\"elementor-widget-wrap elementor-element-populated\">\n\t\t\t\t\t\t<section class=\"elementor-section elementor-inner-section elementor-element elementor-element-c175163 elementor-section-boxed elementor-section-height-default elementor-section-height-default\" data-id=\"c175163\" data-element_type=\"section\" data-e-type=\"section\">\n\t\t\t\t\t\t<div class=\"elementor-container elementor-column-gap-default\">\n\t\t\t\t\t<div class=\"elementor-column elementor-col-100 elementor-inner-column elementor-element elementor-element-dd66b7e\" data-id=\"dd66b7e\" data-element_type=\"column\" data-e-type=\"column\">\n\t\t\t<div class=\"elementor-widget-wrap elementor-element-populated\">\n\t\t\t\t\t\t<div class=\"elementor-element elementor-element-ee97c39 elementor-widget elementor-widget-text-editor\" data-id=\"ee97c39\" data-element_type=\"widget\" data-e-type=\"widget\" data-widget_type=\"text-editor.default\">\n\t\t\t\t<div class=\"elementor-widget-container\">\n\t\t\t\t\t\t\t\t\t<p>Bienvenue sur mon site internet d\u00e9di\u00e9 \u00e0 la r\u00e9flexologie.<\/p><p>Je suis praticienne en r\u00e9flexologie \u00e0 Fontaine-Gu\u00e9rin 49250, LES BOIS D&rsquo;ANJOU.<\/p>\t\t\t\t\t\t\t\t<\/div>\n\t\t\t\t<\/div>\n\t\t\t\t\t<\/div>\n\t\t<\/div>\n\t\t\t\t\t<\/div>\n\t\t<\/section>\n\t\t\t\t<section class=\"elementor-section elementor-inner-section elementor-element elementor-element-12f381f elementor-section-content-top elementor-section-boxed elementor-section-height-default elementor-section-height-default\" data-id=\"12f381f\" data-element_type=\"section\" data-e-type=\"section\">\n\t\t\t\t\t\t<div class=\"elementor-container elementor-column-gap-no\">\n\t\t\t\t\t<div class=\"elementor-column elementor-col-50 elementor-inner-column elementor-element elementor-element-b583b68\" data-id=\"b583b68\" data-element_type=\"column\" data-e-type=\"column\">\n\t\t\t<div class=\"elementor-widget-wrap elementor-element-populated\">\n\t\t\t\t\t\t<div class=\"elementor-element elementor-element-b37b0d0 elementor-widget elementor-widget-heading\" data-id=\"b37b0d0\" data-element_type=\"widget\" data-e-type=\"widget\" data-widget_type=\"heading.default\">\n\t\t\t\t<div class=\"elementor-widget-container\">\n\t\t\t\t\t<h4 class=\"elementor-heading-title elementor-size-default\">R\u00e9flexologie plantaire<\/h4>\t\t\t\t<\/div>\n\t\t\t\t<\/div>\n\t\t\t\t<div class=\"elementor-element elementor-element-31519bf elementor-widget elementor-widget-text-editor\" data-id=\"31519bf\" data-element_type=\"widget\" data-e-type=\"widget\" data-widget_type=\"text-editor.default\">\n\t\t\t\t<div class=\"elementor-widget-container\">\n\t\t\t\t\t\t\t\t\t<p>Ce sont des mouvements par une technique de pression sur les pieds. Le corps retrouve un \u00e9quilibre par un toucher sp\u00e9cifique sur ces zones r\u00e9flexes pour permettre un effet harmonisant sur l\u2019ensemble du corps en favorisant un processus d\u2019auto r\u00e9gulation.<\/p>\t\t\t\t\t\t\t\t<\/div>\n\t\t\t\t<\/div>\n\t\t\t\t\t<\/div>\n\t\t<\/div>\n\t\t\t\t<div class=\"elementor-column elementor-col-50 elementor-inner-column elementor-element elementor-element-2629fbf\" data-id=\"2629fbf\" data-element_type=\"column\" data-e-type=\"column\">\n\t\t\t<div class=\"elementor-widget-wrap elementor-element-populated\">\n\t\t\t\t\t\t<div class=\"elementor-element elementor-element-474e9ca elementor-invisible elementor-widget elementor-widget-image\" data-id=\"474e9ca\" data-element_type=\"widget\" data-e-type=\"widget\" data-settings=\"{&quot;_animation&quot;:&quot;zoomIn&quot;}\" data-widget_type=\"image.default\">\n\t\t\t\t<div class=\"elementor-widget-container\">\n\t\t\t\t\t\t\t\t\t\t\t\t\t\t\t<img decoding=\"async\" src=\"https:\/\/martine-reflexologie.fr\/wp-content\/uploads\/elementor\/thumbs\/IMG_20240212_160823-scaled-qk17knzezb73q6y8a7vu6v7e90tht1uclef7h5odk0.jpg\" title=\"IMG_20240212_160823\" alt=\"IMG_20240212_160823\" loading=\"lazy\" \/>\t\t\t\t\t\t\t\t\t\t\t\t\t\t\t<\/div>\n\t\t\t\t<\/div>\n\t\t\t\t<div class=\"elementor-element elementor-element-ee712a3 elementor-widget elementor-widget-image\" data-id=\"ee712a3\" data-element_type=\"widget\" data-e-type=\"widget\" data-widget_type=\"image.default\">\n\t\t\t\t<div class=\"elementor-widget-container\">\n\t\t\t\t\t\t\t\t\t\t\t\t\t\t\t<img decoding=\"async\" src=\"https:\/\/martine-reflexologie.fr\/wp-content\/uploads\/elementor\/thumbs\/IMG_20240212_161523-scaled-e1708337627485-qk1911jnsywanyvcfuxg4ne1vynspvrwgn38680mu8.jpg\" title=\"IMG_20240212_161523\" alt=\"IMG_20240212_161523\" loading=\"lazy\" \/>\t\t\t\t\t\t\t\t\t\t\t\t\t\t\t<\/div>\n\t\t\t\t<\/div>\n\t\t\t\t\t<\/div>\n\t\t<\/div>\n\t\t\t\t\t<\/div>\n\t\t<\/section>\n\t\t\t\t<section class=\"elementor-section elementor-inner-section elementor-element elementor-element-61db938 elementor-section-boxed elementor-section-height-default elementor-section-height-default\" data-id=\"61db938\" data-element_type=\"section\" data-e-type=\"section\">\n\t\t\t\t\t\t<div class=\"elementor-container elementor-column-gap-default\">\n\t\t\t\t\t<div class=\"elementor-column elementor-col-50 elementor-inner-column elementor-element elementor-element-2213982\" data-id=\"2213982\" data-element_type=\"column\" data-e-type=\"column\">\n\t\t\t<div class=\"elementor-widget-wrap elementor-element-populated\">\n\t\t\t\t\t\t<div class=\"elementor-element elementor-element-7a33f98 elementor-widget elementor-widget-heading\" data-id=\"7a33f98\" data-element_type=\"widget\" data-e-type=\"widget\" data-widget_type=\"heading.default\">\n\t\t\t\t<div class=\"elementor-widget-container\">\n\t\t\t\t\t<h4 class=\"elementor-heading-title elementor-size-default\">R\u00e9flexologie palmaire<\/h4>\t\t\t\t<\/div>\n\t\t\t\t<\/div>\n\t\t\t\t<div class=\"elementor-element elementor-element-68dec97 elementor-widget elementor-widget-text-editor\" data-id=\"68dec97\" data-element_type=\"widget\" data-e-type=\"widget\" data-widget_type=\"text-editor.default\">\n\t\t\t\t<div class=\"elementor-widget-container\">\n\t\t\t\t\t\t\t\t\t<p>Situ\u00e9e dans les paumes de mains , elle consiste \u00e0 stimuler des points pr\u00e9cis et apaise un \u00e9tat \u00e9motionnel<\/p>\t\t\t\t\t\t\t\t<\/div>\n\t\t\t\t<\/div>\n\t\t\t\t\t<\/div>\n\t\t<\/div>\n\t\t\t\t<div class=\"elementor-column elementor-col-50 elementor-inner-column elementor-element elementor-element-eabc07e\" data-id=\"eabc07e\" data-element_type=\"column\" data-e-type=\"column\">\n\t\t\t<div class=\"elementor-widget-wrap elementor-element-populated\">\n\t\t\t\t\t\t<div class=\"elementor-element elementor-element-9bdcb20 elementor-widget elementor-widget-image\" data-id=\"9bdcb20\" data-element_type=\"widget\" data-e-type=\"widget\" data-widget_type=\"image.default\">\n\t\t\t\t<div class=\"elementor-widget-container\">\n\t\t\t\t\t\t\t\t\t\t\t\t\t\t\t<img fetchpriority=\"high\" decoding=\"async\" width=\"300\" height=\"244\" src=\"https:\/\/martine-reflexologie.fr\/wp-content\/uploads\/2022\/12\/1668965143038-1min-300x244.jpg\" class=\"attachment-medium size-medium wp-image-602\" alt=\"\" srcset=\"https:\/\/martine-reflexologie.fr\/wp-content\/uploads\/2022\/12\/1668965143038-1min-300x244.jpg 300w, https:\/\/martine-reflexologie.fr\/wp-content\/uploads\/2022\/12\/1668965143038-1min.jpg 730w\" sizes=\"(max-width: 300px) 100vw, 300px\" \/>\t\t\t\t\t\t\t\t\t\t\t\t\t\t\t<\/div>\n\t\t\t\t<\/div>\n\t\t\t\t\t<\/div>\n\t\t<\/div>\n\t\t\t\t\t<\/div>\n\t\t<\/section>\n\t\t\t\t<section class=\"elementor-section elementor-inner-section elementor-element elementor-element-c4d2fe9 elementor-section-content-top elementor-section-boxed elementor-section-height-default elementor-section-height-default\" data-id=\"c4d2fe9\" data-element_type=\"section\" data-e-type=\"section\">\n\t\t\t\t\t\t<div class=\"elementor-container elementor-column-gap-default\">\n\t\t\t\t\t<div class=\"elementor-column elementor-col-50 elementor-inner-column elementor-element elementor-element-a15cf87\" data-id=\"a15cf87\" data-element_type=\"column\" data-e-type=\"column\">\n\t\t\t<div class=\"elementor-widget-wrap elementor-element-populated\">\n\t\t\t\t\t\t<div class=\"elementor-element elementor-element-91fea87 elementor-widget elementor-widget-heading\" data-id=\"91fea87\" data-element_type=\"widget\" data-e-type=\"widget\" data-widget_type=\"heading.default\">\n\t\t\t\t<div class=\"elementor-widget-container\">\n\t\t\t\t\t<h4 class=\"elementor-heading-title elementor-size-default\">R\u00e9flexologie faciale<\/h4>\t\t\t\t<\/div>\n\t\t\t\t<\/div>\n\t\t\t\t<div class=\"elementor-element elementor-element-950883b elementor-widget elementor-widget-text-editor\" data-id=\"950883b\" data-element_type=\"widget\" data-e-type=\"widget\" data-widget_type=\"text-editor.default\">\n\t\t\t\t<div class=\"elementor-widget-container\">\n\t\t\t\t\t\t\t\t\t<p>c&rsquo;est une stimulation de zone\u00a0 et de point r\u00e9flexes situ\u00e9s au niveau du visage.<\/p><p>c&rsquo;est une m\u00e9thode douce de r\u00e9\u00e9quilibrage \u00e9nerg\u00e9tique, elle favorise le d\u00e9blocage des influx nerveux, apportant un bien \u00eatre et une relaxation imm\u00e9diate.<\/p>\t\t\t\t\t\t\t\t<\/div>\n\t\t\t\t<\/div>\n\t\t\t\t\t<\/div>\n\t\t<\/div>\n\t\t\t\t<div class=\"elementor-column elementor-col-50 elementor-inner-column elementor-element elementor-element-5e1a970\" data-id=\"5e1a970\" data-element_type=\"column\" data-e-type=\"column\">\n\t\t\t<div class=\"elementor-widget-wrap elementor-element-populated\">\n\t\t\t\t\t\t<div class=\"elementor-element elementor-element-a45df98 elementor-widget elementor-widget-image\" data-id=\"a45df98\" data-element_type=\"widget\" data-e-type=\"widget\" data-widget_type=\"image.default\">\n\t\t\t\t<div class=\"elementor-widget-container\">\n\t\t\t\t\t\t\t\t\t\t\t\t\t\t\t<img decoding=\"async\" width=\"231\" height=\"300\" src=\"https:\/\/martine-reflexologie.fr\/wp-content\/uploads\/2024\/02\/IMG_20240212_162739-scaled-e1708337420937-231x300.jpg\" class=\"attachment-medium size-medium wp-image-629\" alt=\"\" srcset=\"https:\/\/martine-reflexologie.fr\/wp-content\/uploads\/2024\/02\/IMG_20240212_162739-scaled-e1708337420937-231x300.jpg 231w, https:\/\/martine-reflexologie.fr\/wp-content\/uploads\/2024\/02\/IMG_20240212_162739-scaled-e1708337420937-790x1024.jpg 790w, https:\/\/martine-reflexologie.fr\/wp-content\/uploads\/2024\/02\/IMG_20240212_162739-scaled-e1708337420937-768x995.jpg 768w, https:\/\/martine-reflexologie.fr\/wp-content\/uploads\/2024\/02\/IMG_20240212_162739-scaled-e1708337420937.jpg 1152w\" sizes=\"(max-width: 231px) 100vw, 231px\" \/>\t\t\t\t\t\t\t\t\t\t\t\t\t\t\t<\/div>\n\t\t\t\t<\/div>\n\t\t\t\t\t<\/div>\n\t\t<\/div>\n\t\t\t\t\t<\/div>\n\t\t<\/section>\n\t\t\t\t<div class=\"elementor-element elementor-element-8e476ca elementor-invisible elementor-widget elementor-widget-image\" data-id=\"8e476ca\" data-element_type=\"widget\" data-e-type=\"widget\" data-settings=\"{&quot;_animation&quot;:&quot;zoomIn&quot;}\" data-widget_type=\"image.default\">\n\t\t\t\t<div class=\"elementor-widget-container\">\n\t\t\t\t\t\t\t\t\t\t\t\t\t\t\t<img decoding=\"async\" width=\"204\" height=\"300\" src=\"https:\/\/martine-reflexologie.fr\/wp-content\/uploads\/2022\/10\/parenthese.svg\" class=\"attachment-medium size-medium wp-image-197\" alt=\"\" \/>\t\t\t\t\t\t\t\t\t\t\t\t\t\t\t<\/div>\n\t\t\t\t<\/div>\n\t\t\t\t<section class=\"elementor-section elementor-inner-section elementor-element elementor-element-beec08b elementor-section-boxed elementor-section-height-default elementor-section-height-default\" data-id=\"beec08b\" data-element_type=\"section\" data-e-type=\"section\">\n\t\t\t\t\t\t<div class=\"elementor-container elementor-column-gap-default\">\n\t\t\t\t\t<div class=\"elementor-column elementor-col-50 elementor-inner-column elementor-element elementor-element-95734d6\" data-id=\"95734d6\" data-element_type=\"column\" data-e-type=\"column\">\n\t\t\t<div class=\"elementor-widget-wrap elementor-element-populated\">\n\t\t\t\t\t\t<div class=\"elementor-element elementor-element-2052957 elementor-widget elementor-widget-heading\" data-id=\"2052957\" data-element_type=\"widget\" data-e-type=\"widget\" data-widget_type=\"heading.default\">\n\t\t\t\t<div class=\"elementor-widget-container\">\n\t\t\t\t\t<h2 class=\"elementor-heading-title elementor-size-default\">Parenth\u00e8se d'un temps pour soi<\/h2>\t\t\t\t<\/div>\n\t\t\t\t<\/div>\n\t\t\t\t<div class=\"elementor-element elementor-element-a6d4c58 elementor-widget elementor-widget-text-editor\" data-id=\"a6d4c58\" data-element_type=\"widget\" data-e-type=\"widget\" data-widget_type=\"text-editor.default\">\n\t\t\t\t<div class=\"elementor-widget-container\">\n\t\t\t\t\t\t\t\t\t<p>En activit\u00e9 d&rsquo;auto entrepreneur depuis 2019, j&rsquo;interviens \u00e9galement en entreprise.<\/p><p>La r\u00e9flexologie est une bonne alternative et agit de mani\u00e8re simple et efficace.<\/p><p>C&rsquo;est une m\u00e9thode douce et naturelle.<\/p><p>Elle apporte une r\u00e9ponse \u00e0 nos besoins.<\/p><p><strong>NOTRE CORPS NOUS PARLE, \u00c9COUTONS-LE.<\/strong><\/p>\t\t\t\t\t\t\t\t<\/div>\n\t\t\t\t<\/div>\n\t\t\t\t\t<\/div>\n\t\t<\/div>\n\t\t\t\t<div class=\"elementor-column elementor-col-50 elementor-inner-column elementor-element elementor-element-598c5ea\" data-id=\"598c5ea\" data-element_type=\"column\" data-e-type=\"column\">\n\t\t\t<div class=\"elementor-widget-wrap elementor-element-populated\">\n\t\t\t\t\t\t<div class=\"elementor-element elementor-element-4a387e3 elementor-widget elementor-widget-image\" data-id=\"4a387e3\" data-element_type=\"widget\" data-e-type=\"widget\" data-widget_type=\"image.default\">\n\t\t\t\t<div class=\"elementor-widget-container\">\n\t\t\t\t\t\t\t\t\t\t\t\t\t\t\t<img loading=\"lazy\" decoding=\"async\" width=\"580\" height=\"912\" src=\"https:\/\/martine-reflexologie.fr\/wp-content\/uploads\/2024\/02\/1708275990407-651x1024.jpg\" class=\"attachment-large size-large wp-image-624\" alt=\"\" srcset=\"https:\/\/martine-reflexologie.fr\/wp-content\/uploads\/2024\/02\/1708275990407-651x1024.jpg 651w, https:\/\/martine-reflexologie.fr\/wp-content\/uploads\/2024\/02\/1708275990407-191x300.jpg 191w, https:\/\/martine-reflexologie.fr\/wp-content\/uploads\/2024\/02\/1708275990407-768x1209.jpg 768w, https:\/\/martine-reflexologie.fr\/wp-content\/uploads\/2024\/02\/1708275990407-976x1536.jpg 976w, https:\/\/martine-reflexologie.fr\/wp-content\/uploads\/2024\/02\/1708275990407-1301x2048.jpg 1301w, https:\/\/martine-reflexologie.fr\/wp-content\/uploads\/2024\/02\/1708275990407-1200x1889.jpg 1200w, https:\/\/martine-reflexologie.fr\/wp-content\/uploads\/2024\/02\/1708275990407-scaled.jpg 1626w\" sizes=\"(max-width: 580px) 100vw, 580px\" \/>\t\t\t\t\t\t\t\t\t\t\t\t\t\t\t<\/div>\n\t\t\t\t<\/div>\n\t\t\t\t\t<\/div>\n\t\t<\/div>\n\t\t\t\t\t<\/div>\n\t\t<\/section>\n\t\t\t\t<div class=\"elementor-element elementor-element-6afb20b elementor-widget elementor-widget-image\" data-id=\"6afb20b\" data-element_type=\"widget\" data-e-type=\"widget\" data-widget_type=\"image.default\">\n\t\t\t\t<div class=\"elementor-widget-container\">\n\t\t\t\t\t\t\t\t\t\t\t\t\t\t\t<img loading=\"lazy\" decoding=\"async\" width=\"580\" height=\"820\" src=\"https:\/\/martine-reflexologie.fr\/wp-content\/uploads\/2025\/12\/1753299979002-724x1024.jpg\" class=\"attachment-large size-large wp-image-834\" alt=\"\" srcset=\"https:\/\/martine-reflexologie.fr\/wp-content\/uploads\/2025\/12\/1753299979002-724x1024.jpg 724w, https:\/\/martine-reflexologie.fr\/wp-content\/uploads\/2025\/12\/1753299979002-212x300.jpg 212w, https:\/\/martine-reflexologie.fr\/wp-content\/uploads\/2025\/12\/1753299979002-768x1086.jpg 768w, https:\/\/martine-reflexologie.fr\/wp-content\/uploads\/2025\/12\/1753299979002.jpg 1024w\" sizes=\"(max-width: 580px) 100vw, 580px\" \/>\t\t\t\t\t\t\t\t\t\t\t\t\t\t\t<\/div>\n\t\t\t\t<\/div>\n\t\t\t\t\t<\/div>\n\t\t<\/div>\n\t\t\t\t\t<\/div>\n\t\t<\/section>\n\t\t\t\t<\/div>\n\t\t","protected":false},"excerpt":{"rendered":"<p>Bienvenue sur mon site internet d\u00e9di\u00e9 \u00e0 la r\u00e9flexologie. Je suis praticienne en r\u00e9flexologie \u00e0 Fontaine-Gu\u00e9rin 49250, LES BOIS D&rsquo;ANJOU. R\u00e9flexologie plantaire Ce sont des mouvements par une technique de pression sur les pieds. Le corps retrouve un \u00e9quilibre par un toucher sp\u00e9cifique sur ces zones r\u00e9flexes pour permettre un effet harmonisant sur l\u2019ensemble du [&hellip;]<\/p>\n","protected":false},"author":2,"featured_media":0,"parent":0,"menu_order":0,"comment_status":"closed","ping_status":"closed","template":"elementor_theme","meta":{"om_disable_all_campaigns":false,"_monsterinsights_skip_tracking":false,"_monsterinsights_sitenote_active":false,"_monsterinsights_sitenote_note":"","_monsterinsights_sitenote_category":0,"footnotes":""},"class_list":["post-84","page","type-page","status-publish","hentry"],"aioseo_notices":[],"_links":{"self":[{"href":"https:\/\/martine-reflexologie.fr\/index.php?rest_route=\/wp\/v2\/pages\/84","targetHints":{"allow":["GET"]}}],"collection":[{"href":"https:\/\/martine-reflexologie.fr\/index.php?rest_route=\/wp\/v2\/pages"}],"about":[{"href":"https:\/\/martine-reflexologie.fr\/index.php?rest_route=\/wp\/v2\/types\/page"}],"author":[{"embeddable":true,"href":"https:\/\/martine-reflexologie.fr\/index.php?rest_route=\/wp\/v2\/users\/2"}],"replies":[{"embeddable":true,"href":"https:\/\/martine-reflexologie.fr\/index.php?rest_route=%2Fwp%2Fv2%2Fcomments&post=84"}],"version-history":[{"count":271,"href":"https:\/\/martine-reflexologie.fr\/index.php?rest_route=\/wp\/v2\/pages\/84\/revisions"}],"predecessor-version":[{"id":840,"href":"https:\/\/martine-reflexologie.fr\/index.php?rest_route=\/wp\/v2\/pages\/84\/revisions\/840"}],"wp:attachment":[{"href":"https:\/\/martine-reflexologie.fr\/index.php?rest_route=%2Fwp%2Fv2%2Fmedia&parent=84"}],"curies":[{"name":"wp","href":"https:\/\/api.w.org\/{rel}","templated":true}]}}