{"id":7,"date":"2022-10-20T09:14:30","date_gmt":"2022-10-20T08:14:30","guid":{"rendered":"https:\/\/martine-reflexologie.fr\/?page_id=7"},"modified":"2024-02-19T15:59:58","modified_gmt":"2024-02-19T14:59:58","slug":"a-propos-de","status":"publish","type":"page","link":"https:\/\/martine-reflexologie.fr\/?page_id=7","title":{"rendered":"Qui suis-je ?"},"content":{"rendered":"\t\t<div data-elementor-type=\"wp-page\" data-elementor-id=\"7\" class=\"elementor elementor-7\">\n\t\t\t\t\t\t<section class=\"elementor-section elementor-top-section elementor-element elementor-element-7c81373d elementor-section-boxed elementor-section-height-default elementor-section-height-default\" data-id=\"7c81373d\" data-element_type=\"section\" data-e-type=\"section\">\n\t\t\t\t\t\t<div class=\"elementor-container elementor-column-gap-default\">\n\t\t\t\t\t<div class=\"elementor-column elementor-col-100 elementor-top-column elementor-element elementor-element-78eae905\" data-id=\"78eae905\" data-element_type=\"column\" data-e-type=\"column\">\n\t\t\t<div class=\"elementor-widget-wrap elementor-element-populated\">\n\t\t\t\t\t\t<div class=\"elementor-element elementor-element-4aa7dfc4 elementor-widget elementor-widget-text-editor\" data-id=\"4aa7dfc4\" data-element_type=\"widget\" data-e-type=\"widget\" data-widget_type=\"text-editor.default\">\n\t\t\t\t<div class=\"elementor-widget-container\">\n\t\t\t\t\t\t\t\t\t<p><\/p>\n<p>\u00a0Je suis Martine Foussard, aide soignante et praticienne en r\u00e9flexologie faciale, palmaire et plantaire depuis 2019.<\/p>\n<p>Dipl\u00f4m\u00e9e en r\u00e9flexologie depuis 2016, j&rsquo;ai \u00e9galement suivi une <strong>Formation en phytoth\u00e9rapie et aromath\u00e9rapie<\/strong> ce qui permet d&rsquo;accentuer les bienfaits du soin avec l\u2019utilisation des huiles essentielles.<b><br \/><\/b><\/p>\n<p><\/p>\t\t\t\t\t\t\t\t<\/div>\n\t\t\t\t<\/div>\n\t\t\t\t<div class=\"elementor-element elementor-element-adf9fa7 elementor-invisible elementor-widget elementor-widget-image\" data-id=\"adf9fa7\" data-element_type=\"widget\" data-e-type=\"widget\" data-settings=\"{&quot;_animation&quot;:&quot;zoomIn&quot;}\" data-widget_type=\"image.default\">\n\t\t\t\t<div class=\"elementor-widget-container\">\n\t\t\t\t\t\t\t\t\t\t\t\t\t\t\t<img decoding=\"async\" src=\"https:\/\/martine-reflexologie.fr\/wp-content\/uploads\/elementor\/thumbs\/IMG_20240212_163926-qk17l22z7wa759lvm661tct3ao7h80vbm8ohi90k0u.jpg\" title=\"IMG_20240212_163926\" alt=\"IMG_20240212_163926\" loading=\"lazy\" \/>\t\t\t\t\t\t\t\t\t\t\t\t\t\t\t<\/div>\n\t\t\t\t<\/div>\n\t\t\t\t<div class=\"elementor-element elementor-element-2b55ad1 elementor-widget elementor-widget-text-editor\" data-id=\"2b55ad1\" data-element_type=\"widget\" data-e-type=\"widget\" data-widget_type=\"text-editor.default\">\n\t\t\t\t<div class=\"elementor-widget-container\">\n\t\t\t\t\t\t\t\t\t<p>Je vous re\u00e7ois \u00e0 Fontaine-Gu\u00e9rin (49250 Les Bois d&rsquo;Anjou).<\/p>\n<p>Pour une s\u00e9ance \u00e0 domicile ou en entreprise,\u00a0 vous pouvez <a href=\"https:\/\/martine-reflexologie.fr\/?page_id=8\">prendre directement contact<\/a> avec moi.<\/p>\t\t\t\t\t\t\t\t<\/div>\n\t\t\t\t<\/div>\n\t\t\t\t<div class=\"elementor-element elementor-element-210c058 elementor-widget elementor-widget-image\" data-id=\"210c058\" data-element_type=\"widget\" data-e-type=\"widget\" data-widget_type=\"image.default\">\n\t\t\t\t<div class=\"elementor-widget-container\">\n\t\t\t\t\t\t\t\t\t\t\t\t\t\t\t<img decoding=\"async\" src=\"https:\/\/martine-reflexologie.fr\/wp-content\/uploads\/elementor\/thumbs\/1708276025824-scaled-qk17kk827z1yfr3ow69bww5jvhc0y9ff8vt9k1ty8w.jpg\" title=\"1708276025824\" alt=\"1708276025824\" loading=\"lazy\" \/>\t\t\t\t\t\t\t\t\t\t\t\t\t\t\t<\/div>\n\t\t\t\t<\/div>\n\t\t\t\t\t<\/div>\n\t\t<\/div>\n\t\t\t\t\t<\/div>\n\t\t<\/section>\n\t\t\t\t<\/div>\n\t\t","protected":false},"excerpt":{"rendered":"<p>\u00a0Je suis Martine Foussard, aide soignante et praticienne en r\u00e9flexologie faciale, palmaire et plantaire depuis 2019. Dipl\u00f4m\u00e9e en r\u00e9flexologie depuis 2016, j&rsquo;ai \u00e9galement suivi une Formation en phytoth\u00e9rapie et aromath\u00e9rapie ce qui permet d&rsquo;accentuer les bienfaits du soin avec l\u2019utilisation des huiles essentielles. Je vous re\u00e7ois \u00e0 Fontaine-Gu\u00e9rin (49250 Les Bois d&rsquo;Anjou). Pour une s\u00e9ance [&hellip;]<\/p>\n","protected":false},"author":2,"featured_media":0,"parent":0,"menu_order":0,"comment_status":"closed","ping_status":"closed","template":"templates\/template-full-width.php","meta":{"om_disable_all_campaigns":false,"_monsterinsights_skip_tracking":false,"_monsterinsights_sitenote_active":false,"_monsterinsights_sitenote_note":"","_monsterinsights_sitenote_category":0,"footnotes":""},"class_list":["post-7","page","type-page","status-publish","hentry"],"aioseo_notices":[],"_links":{"self":[{"href":"https:\/\/martine-reflexologie.fr\/index.php?rest_route=\/wp\/v2\/pages\/7","targetHints":{"allow":["GET"]}}],"collection":[{"href":"https:\/\/martine-reflexologie.fr\/index.php?rest_route=\/wp\/v2\/pages"}],"about":[{"href":"https:\/\/martine-reflexologie.fr\/index.php?rest_route=\/wp\/v2\/types\/page"}],"author":[{"embeddable":true,"href":"https:\/\/martine-reflexologie.fr\/index.php?rest_route=\/wp\/v2\/users\/2"}],"replies":[{"embeddable":true,"href":"https:\/\/martine-reflexologie.fr\/index.php?rest_route=%2Fwp%2Fv2%2Fcomments&post=7"}],"version-history":[{"count":71,"href":"https:\/\/martine-reflexologie.fr\/index.php?rest_route=\/wp\/v2\/pages\/7\/revisions"}],"predecessor-version":[{"id":735,"href":"https:\/\/martine-reflexologie.fr\/index.php?rest_route=\/wp\/v2\/pages\/7\/revisions\/735"}],"wp:attachment":[{"href":"https:\/\/martine-reflexologie.fr\/index.php?rest_route=%2Fwp%2Fv2%2Fmedia&parent=7"}],"curies":[{"name":"wp","href":"https:\/\/api.w.org\/{rel}","templated":true}]}}